{"id":3504,"date":"2019-03-05T11:45:39","date_gmt":"2019-03-05T10:45:39","guid":{"rendered":"http:\/\/www.bazzara.it\/?page_id=3504"},"modified":"2019-03-13T18:22:56","modified_gmt":"2019-03-13T17:22:56","slug":"francais","status":"publish","type":"page","link":"https:\/\/www.bazzara.it\/en\/francais\/","title":{"rendered":"Fran\u00e7ais"},"content":{"rendered":"<h2><\/h2>\n<p><span style=\"font-family: Playfair Display; font-size: 21px; color: #002b49; font-weight: bold; line-height: 28px;\"> Vous \u00eates distributeur de caf\u00e9? Ou vous souhaitez le devenir? Contactez-nous, et nous mettrons \u00e0 votre disposition nos cinquante ann\u00e9es d\u2019exp\u00e9riences.<\/span><\/p>\n<p><img fetchpriority=\"high\" decoding=\"async\" class=\"aligncenter size-large wp-image-3481\" src=\"http:\/\/www.bazzara.it\/wp-content\/uploads\/2019\/03\/bazzara_espresso-1-1024x544.jpg\" alt=\"\" width=\"1024\" height=\"544\" srcset=\"https:\/\/www.bazzara.it\/wp-content\/uploads\/2019\/03\/bazzara_espresso-1-1024x544.jpg 1024w, https:\/\/www.bazzara.it\/wp-content\/uploads\/2019\/03\/bazzara_espresso-1-300x159.jpg 300w, https:\/\/www.bazzara.it\/wp-content\/uploads\/2019\/03\/bazzara_espresso-1-768x408.jpg 768w, https:\/\/www.bazzara.it\/wp-content\/uploads\/2019\/03\/bazzara_espresso-1-520x276.jpg 520w, https:\/\/www.bazzara.it\/wp-content\/uploads\/2019\/03\/bazzara_espresso-1.jpg 1920w\" sizes=\"(max-width: 1024px) 100vw, 1024px\" \/><\/p>\n<div class=\"multicol\"><span style=\"font-family: Lato; font-size: 13px; display: block; line-height: 24px; color: #646469;\"> Nous vous pr\u00e9senterons les avantages de travailler avec une entreprise n\u00e9e \u00e0 Trieste, la ville aux trois si\u00e8cles d\u2019histoire du caf\u00e9, et \u00e0 m\u00eame de vous garantir un futur prosp\u00e8re gr\u00e2ce \u00e0 la possibilit\u00e9 d\u2019offrir \u00e0 vos clients une d\u00e9gustation de l\u2019authentique Italian Lifestyle.<\/span><br \/>\n<span style=\"font-family: Lato; font-size: 13px; display: block; line-height: 24px; color: #646469;\"><br \/>\nNotre objectif est de vous permettre de cro\u00eetre et de vous diff\u00e9rencier de la concurrence en diversifiant votre offre. Pour ce faire, nous disposons d\u2019une gamme de produits en mesure de satisfaire chaque client\u00e8le. Nous offrons aussi des monodoses d\u00e9di\u00e9s aux restaurants gourmets, p\u00e2tisseries, glaceries et cavistes. Vous trouverez \u00e0 votre service une \u00e9quipe jeune et dynamique et d\u00e9couvrirez une entreprise qui, depuis toujours, cherche \u00e0 cr\u00e9er un partenariat durable avec ses distributeurs et croit fortement \u00e0 la construction d\u2019un r\u00e9seau. <\/span><img decoding=\"async\" class=\"aligncenter size-full wp-image-3280\" style=\"margin: 50px 50px 30px 50px;\" src=\"http:\/\/www.bazzara.it\/wp-content\/uploads\/2019\/03\/bazzara_espresso.jpg\" alt=\"\" width=\"510\" height=\"501\" srcset=\"https:\/\/www.bazzara.it\/wp-content\/uploads\/2019\/03\/bazzara_espresso.jpg 510w, https:\/\/www.bazzara.it\/wp-content\/uploads\/2019\/03\/bazzara_espresso-300x295.jpg 300w\" sizes=\"(max-width: 510px) 100vw, 510px\" \/><\/div>\n<p><img decoding=\"async\" class=\"aligncenter size-large wp-image-3449\" src=\"http:\/\/www.bazzara.it\/wp-content\/uploads\/2019\/03\/bazzara_espresso_blend-1024x360.jpg\" alt=\"\" width=\"1024\" height=\"360\" srcset=\"https:\/\/www.bazzara.it\/wp-content\/uploads\/2019\/03\/bazzara_espresso_blend-1024x360.jpg 1024w, https:\/\/www.bazzara.it\/wp-content\/uploads\/2019\/03\/bazzara_espresso_blend-300x105.jpg 300w, https:\/\/www.bazzara.it\/wp-content\/uploads\/2019\/03\/bazzara_espresso_blend-768x270.jpg 768w, https:\/\/www.bazzara.it\/wp-content\/uploads\/2019\/03\/bazzara_espresso_blend-520x183.jpg 520w, https:\/\/www.bazzara.it\/wp-content\/uploads\/2019\/03\/bazzara_espresso_blend.jpg 1920w\" sizes=\"(max-width: 1024px) 100vw, 1024px\" \/><\/p>\n<p><span style=\"font-family: Lato; font-size: 13px; display: block; line-height: 24px; color: #646469;\"><strong> Gustoitaliano:<\/strong> 100% Canephora; vigoureux et \u00e9pic\u00e9<br \/>\n<\/span><span style=\"font-family: Lato; font-size: 13px; display: block; line-height: 24px; color: #646469;\"><strong>Dolcevivace:<\/strong> 50% Arabica; cors\u00e9 et cr\u00e9meux<br \/>\n<strong>Aromamore:<\/strong> 70% Arabica;\u00a0 intense et fruit\u00e9<br \/>\n<strong>Grancappuccino:<\/strong> 80% Arabica; tendre et mielleux<br \/>\n<strong>Piacerepuro:<\/strong> 100% Arabica; doux et \u00e9quilibr\u00e9<br \/>\n<strong>Dodicigrancru:<\/strong> le parfait \u00e9quilibre de 12 Arabicas Grands Crus donnant vie \u00e0 un m\u00e9lange unique au monde <\/span><\/p>\n<div class=\"multicol\"><\/div>\n<hr \/>\n<p><span style=\"font-family: Playfair Display; font-size: 21px; color: #002b49; font-weight: bold; line-height: 28px;\"> En plus de vous garantir des m\u00e9langes de qualit\u00e9, Bazzara vous fournira les instruments n\u00e9cessaires pour promouvoir la marque au mieux. <\/span><\/p>\n<div class=\"multicol\"><span style=\"font-family: Lato; font-size: 13px; display: block; line-height: 24px; color: #646469;\">Nous sommes reconnus pour notre image fra\u00eeche et \u00e9l\u00e9gante, et consid\u00e9r\u00e9s dans le secteur comme une agence de communication. Nous produisons en effet plusieurs dizaines de vid\u00e9os chaque ann\u00e9e; nous r\u00e9alisons des pages publicitaires, des photographies pour Instagram et des images pour des campagnes Facebook. Nous proposons aussi un service de traduction de l\u2019ensemble de notre mat\u00e9riel promotionnel dans votre langue, afin de vous d\u00e9charger de toute la partie \u00e9laboration et r\u00e9alisation des outils publicitaires, que vous pourrez ensuite utiliser sur vos diff\u00e9rents supports de communication.<span style=\"font-family: Lato; font-size: 13px; display: block; line-height: 24px; color: #646469;\"><img loading=\"lazy\" decoding=\"async\" class=\"aligncenter size-large wp-image-3472\" src=\"http:\/\/www.bazzara.it\/wp-content\/uploads\/2019\/03\/bazzara_espresso_social-1-1024x798.jpg\" alt=\"\" width=\"1024\" height=\"798\" srcset=\"https:\/\/www.bazzara.it\/wp-content\/uploads\/2019\/03\/bazzara_espresso_social-1-1024x798.jpg 1024w, https:\/\/www.bazzara.it\/wp-content\/uploads\/2019\/03\/bazzara_espresso_social-1-300x234.jpg 300w, https:\/\/www.bazzara.it\/wp-content\/uploads\/2019\/03\/bazzara_espresso_social-1-768x599.jpg 768w, https:\/\/www.bazzara.it\/wp-content\/uploads\/2019\/03\/bazzara_espresso_social-1-520x405.jpg 520w, https:\/\/www.bazzara.it\/wp-content\/uploads\/2019\/03\/bazzara_espresso_social-1.jpg 1388w\" sizes=\"(max-width: 1024px) 100vw, 1024px\" \/><\/span><\/div>\n<h2><\/h2>\n<hr \/>\n<h2><\/h2>\n<p><span style=\"font-family: Playfair Display; font-size: 21px; color: #002b49; font-weight: bold; line-height: 28px;\"> La Bazzara Academy rassemble des parcours formateurs passionnants, destin\u00e9s \u00e0 vous convertir en un expert du caf\u00e9, capable de pr\u00e9server et diffuser la culture du caf\u00e9 de qualit\u00e9.<\/span><\/p>\n<p><img loading=\"lazy\" decoding=\"async\" class=\"aligncenter size-large wp-image-3478\" src=\"http:\/\/www.bazzara.it\/wp-content\/uploads\/2019\/03\/bazzara_academy-1024x545.jpg\" alt=\"\" width=\"1024\" height=\"545\" srcset=\"https:\/\/www.bazzara.it\/wp-content\/uploads\/2019\/03\/bazzara_academy-1024x545.jpg 1024w, https:\/\/www.bazzara.it\/wp-content\/uploads\/2019\/03\/bazzara_academy-768x408.jpg 768w, https:\/\/www.bazzara.it\/wp-content\/uploads\/2019\/03\/bazzara_academy-300x160.jpg 300w, https:\/\/www.bazzara.it\/wp-content\/uploads\/2019\/03\/bazzara_academy-520x277.jpg 520w, https:\/\/www.bazzara.it\/wp-content\/uploads\/2019\/03\/bazzara_academy.jpg 1920w\" sizes=\"(max-width: 1024px) 100vw, 1024px\" \/><\/p>\n<div class=\"multicol\"><span style=\"font-family: Lato; font-size: 13px; display: block; line-height: 24px; color: #646469;\"> 250 m2 au c\u0153ur de Trieste, capitale du caf\u00e9: notre structure est dot\u00e9e d\u2019un laboratoire de d\u00e9gustation, d\u2019une salle de classe, d\u2019une salle de torr\u00e9faction, d\u2019une salle de brewing, et de machines \u00e0 caf\u00e9 et d\u2019\u00e9quipements professionnels de derni\u00e8re g\u00e9n\u00e9ration. <img loading=\"lazy\" decoding=\"async\" class=\"aligncenter size-full wp-image-3491\" src=\"http:\/\/www.bazzara.it\/wp-content\/uploads\/2019\/03\/bazzara_academy_premier_campus.jpg\" alt=\"\" width=\"600\" height=\"150\" srcset=\"https:\/\/www.bazzara.it\/wp-content\/uploads\/2019\/03\/bazzara_academy_premier_campus.jpg 600w, https:\/\/www.bazzara.it\/wp-content\/uploads\/2019\/03\/bazzara_academy_premier_campus-300x75.jpg 300w, https:\/\/www.bazzara.it\/wp-content\/uploads\/2019\/03\/bazzara_academy_premier_campus-520x130.jpg 520w\" sizes=\"(max-width: 600px) 100vw, 600px\" \/><\/span><\/div>\n<hr \/>\n<h2><\/h2>\n<p><span style=\"font-family: Playfair Display; font-size: 21px; color: #002b49; font-weight: bold; line-height: 28px;\"> La Saga du caf\u00e9 <\/span><\/p>\n<p><img loading=\"lazy\" decoding=\"async\" class=\"aligncenter size-large wp-image-3494\" src=\"http:\/\/www.bazzara.it\/wp-content\/uploads\/2019\/03\/bazzara_coffeebooks-1024x544.jpg\" alt=\"\" width=\"1024\" height=\"544\" \/><\/p>\n<div class=\"multicol\"><span style=\"font-family: Lato; font-size: 13px; display: block; line-height: 24px; color: #646469;\"> Nous sommes devenus une r\u00e9f\u00e9rence dans le monde \u00e9ditorial du secteur en \u00e9crivant trois livres d\u00e9di\u00e9s, \u00e0 la fili\u00e8re du caf\u00e9, l\u2019Expresso et le Cappuccino, aujourd\u2019hui utilis\u00e9s comme outils p\u00e9dagogiques par de nombreuses acad\u00e9mies dans toute l\u2019Europe. Nous pensons donc pouvoir revendiquer notre aptitude \u00e0 transmettre la culture du caf\u00e9 de qualit\u00e9, aussi bien dans nos produits qu\u2019\u00e0 travers nos livres ou notre Acad\u00e9mie. <img loading=\"lazy\" decoding=\"async\" class=\"aligncenter size-large wp-image-3500\" src=\"http:\/\/www.bazzara.it\/wp-content\/uploads\/2019\/03\/bazzara_coffeebooks_2-1-1024x816.jpg\" alt=\"\" width=\"1024\" height=\"816\" srcset=\"https:\/\/www.bazzara.it\/wp-content\/uploads\/2019\/03\/bazzara_coffeebooks_2-1-1024x816.jpg 1024w, https:\/\/www.bazzara.it\/wp-content\/uploads\/2019\/03\/bazzara_coffeebooks_2-1-300x239.jpg 300w, https:\/\/www.bazzara.it\/wp-content\/uploads\/2019\/03\/bazzara_coffeebooks_2-1-768x612.jpg 768w, https:\/\/www.bazzara.it\/wp-content\/uploads\/2019\/03\/bazzara_coffeebooks_2-1-520x414.jpg 520w, https:\/\/www.bazzara.it\/wp-content\/uploads\/2019\/03\/bazzara_coffeebooks_2-1.jpg 1506w\" sizes=\"(max-width: 1024px) 100vw, 1024px\" \/><\/span><\/div>\n","protected":false},"excerpt":{"rendered":"<p>Vous \u00eates distributeur de caf\u00e9? Ou vous souhaitez le devenir? Contactez-nous, et nous mettrons \u00e0 votre disposition nos cinquante ann\u00e9es d\u2019exp\u00e9riences. Nous vous pr\u00e9senterons les avantages de travailler avec une entreprise n\u00e9e \u00e0 Trieste, la ville aux trois si\u00e8cles d\u2019histoire du caf\u00e9, et \u00e0 m\u00eame de vous garantir un futur prosp\u00e8re gr\u00e2ce \u00e0 la possibilit\u00e9 d\u2019offrir \u00e0 vos clients une d\u00e9gustation de l\u2019authentique Italian Lifestyle. Notre objectif est de vous permettre de cro\u00eetre et de vous diff\u00e9rencier de la concurrence en diversifiant votre offre. Pour ce faire, nous disposons d\u2019une gamme de produits en mesure de satisfaire chaque client\u00e8le. Nous offrons aussi des monodoses d\u00e9di\u00e9s aux restaurants gourmets, p\u00e2tisseries, glaceries et cavistes. Vous trouverez \u00e0 votre service une \u00e9quipe jeune et dynamique et d\u00e9couvrirez une entreprise qui, depuis toujours, cherche \u00e0 cr\u00e9er un partenariat durable avec ses distributeurs et croit fortement \u00e0 la construction d\u2019un r\u00e9seau. Gustoitaliano: 100% Canephora; vigoureux et \u00e9pic\u00e9 Dolcevivace: 50% Arabica; cors\u00e9 et cr\u00e9meux Aromamore: 70% Arabica;\u00a0 intense et fruit\u00e9 Grancappuccino: 80% Arabica; tendre et mielleux Piacerepuro: 100% Arabica; doux et \u00e9quilibr\u00e9 Dodicigrancru: le parfait \u00e9quilibre de 12 Arabicas Grands Crus donnant vie \u00e0 un m\u00e9lange unique au monde En plus de vous garantir des m\u00e9langes de qualit\u00e9, Bazzara vous fournira les instruments n\u00e9cessaires pour promouvoir la marque au mieux. Nous sommes reconnus pour notre image fra\u00eeche et \u00e9l\u00e9gante, et consid\u00e9r\u00e9s dans le secteur comme une agence de communication. Nous produisons en effet plusieurs dizaines de vid\u00e9os chaque ann\u00e9e; nous r\u00e9alisons des pages publicitaires, des photographies pour Instagram et des images pour des campagnes Facebook. Nous proposons aussi un service de traduction de l\u2019ensemble de notre mat\u00e9riel promotionnel dans votre langue, afin de vous d\u00e9charger de toute la partie \u00e9laboration et r\u00e9alisation des outils publicitaires, que vous pourrez ensuite utiliser sur vos diff\u00e9rents supports de communication. La Bazzara Academy rassemble des parcours formateurs passionnants, destin\u00e9s \u00e0 vous convertir en un expert du caf\u00e9, capable de pr\u00e9server et diffuser la culture du caf\u00e9 de qualit\u00e9. 250 m2 au c\u0153ur de Trieste, capitale du caf\u00e9: notre structure est dot\u00e9e d\u2019un laboratoire de d\u00e9gustation, d\u2019une salle de classe, d\u2019une salle de torr\u00e9faction, d\u2019une salle de brewing, et de machines \u00e0 caf\u00e9 et d\u2019\u00e9quipements professionnels de derni\u00e8re g\u00e9n\u00e9ration. La Saga du caf\u00e9 Nous sommes devenus une r\u00e9f\u00e9rence dans le monde \u00e9ditorial du secteur en \u00e9crivant trois livres d\u00e9di\u00e9s, \u00e0 la fili\u00e8re du caf\u00e9, l\u2019Expresso et le Cappuccino, aujourd\u2019hui utilis\u00e9s comme outils p\u00e9dagogiques par de nombreuses acad\u00e9mies dans toute l\u2019Europe. Nous pensons donc pouvoir revendiquer notre aptitude \u00e0 transmettre la culture du caf\u00e9 de qualit\u00e9, aussi bien dans nos produits qu\u2019\u00e0 travers nos livres ou notre Acad\u00e9mie.<\/p>\n","protected":false},"author":14,"featured_media":0,"parent":0,"menu_order":0,"comment_status":"closed","ping_status":"closed","template":"","meta":{"_acf_changed":false,"inline_featured_image":false,"footnotes":""},"acf":[],"_links":{"self":[{"href":"https:\/\/www.bazzara.it\/en\/wp-json\/wp\/v2\/pages\/3504"}],"collection":[{"href":"https:\/\/www.bazzara.it\/en\/wp-json\/wp\/v2\/pages"}],"about":[{"href":"https:\/\/www.bazzara.it\/en\/wp-json\/wp\/v2\/types\/page"}],"author":[{"embeddable":true,"href":"https:\/\/www.bazzara.it\/en\/wp-json\/wp\/v2\/users\/14"}],"replies":[{"embeddable":true,"href":"https:\/\/www.bazzara.it\/en\/wp-json\/wp\/v2\/comments?post=3504"}],"version-history":[{"count":3,"href":"https:\/\/www.bazzara.it\/en\/wp-json\/wp\/v2\/pages\/3504\/revisions"}],"predecessor-version":[{"id":3644,"href":"https:\/\/www.bazzara.it\/en\/wp-json\/wp\/v2\/pages\/3504\/revisions\/3644"}],"wp:attachment":[{"href":"https:\/\/www.bazzara.it\/en\/wp-json\/wp\/v2\/media?parent=3504"}],"curies":[{"name":"wp","href":"https:\/\/api.w.org\/{rel}","templated":true}]}}