{"id":3602,"date":"2019-03-12T15:26:07","date_gmt":"2019-03-12T14:26:07","guid":{"rendered":"http:\/\/www.bazzara.it\/?page_id=3602"},"modified":"2019-03-12T15:26:07","modified_gmt":"2019-03-12T14:26:07","slug":"deutsche","status":"publish","type":"page","link":"https:\/\/www.bazzara.it\/en\/deutsche\/","title":{"rendered":"Deutsche"},"content":{"rendered":"<h2><\/h2>\n<p><span style=\"font-family: Playfair Display; font-size: 21px; color: #002b49; font-weight: bold; line-height: 28px;\"> Verkaufen Sie Kaffee? Oder m\u00f6chten Sie welchen verkaufen? Treten Sie mit uns in Kontakt und profitieren Sie von unserer Expertise aus f\u00fcnf Jahrzenten. <\/span><\/p>\n<p><img fetchpriority=\"high\" decoding=\"async\" class=\"aligncenter size-large wp-image-3481\" src=\"http:\/\/www.bazzara.it\/wp-content\/uploads\/2019\/03\/bazzara_espresso-1-1024x544.jpg\" alt=\"\" width=\"1024\" height=\"544\" srcset=\"https:\/\/www.bazzara.it\/wp-content\/uploads\/2019\/03\/bazzara_espresso-1-1024x544.jpg 1024w, https:\/\/www.bazzara.it\/wp-content\/uploads\/2019\/03\/bazzara_espresso-1-300x159.jpg 300w, https:\/\/www.bazzara.it\/wp-content\/uploads\/2019\/03\/bazzara_espresso-1-768x408.jpg 768w, https:\/\/www.bazzara.it\/wp-content\/uploads\/2019\/03\/bazzara_espresso-1-520x276.jpg 520w, https:\/\/www.bazzara.it\/wp-content\/uploads\/2019\/03\/bazzara_espresso-1.jpg 1920w\" sizes=\"(max-width: 1024px) 100vw, 1024px\" \/><\/p>\n<div class=\"multicol\">\n<p><span style=\"font-family: Lato; font-size: 13px; display: block; line-height: 24px; color: #646469;\"> Entdecken Sie die Vorteile einer Zusammenarbeit mit unserer Firma, die in Triest angesiedelt ist &#8211; einer Stadt, die seit 300 Jahren im Kaffeebusiness zu Hause ist und seine Kunden mit italienischem Lifestyle und Kaffeegenuss verw\u00f6hnt.<\/p>\n<p><span style=\"font-family: Lato; font-size: 13px; display: block; line-height: 24px; color: #646469;\"> Unser Ziel ist es, Sie zu unserem Vertriebspartner zu machen und Ihnen dabei zu helfen, sich von der Konkurrenz abzuheben, indem wir Ihr Angebot diversifizieren. Wir verf\u00fcgen \u00fcber eine Reihe von exklusiven Produkten, die die unterschiedlichsten Bed\u00fcrfnisse ihrer Kunden erreichen. Dar\u00fcber hinaus bieten wir auch Kaffeekapseln an, die sowohl f\u00fcr den Privatgebrauch, als auch f\u00fcr Gourmetrestaurants, Konditoreien, Eisdielen sowie Weinhandlungen geeignet sind. Wir sind ein junges und aufstrebendes Team, das auf die jahrzehntelange Zusammenarbeit mit seinen Vertriebspartnern baut und dauerhafte und langanhaltende Verbindungen sch\u00e4tzt. Au\u00dferdem setzen wir auf die bestm\u00f6gliche Vernetzung unserer Partner, weil davon alle Seiten am meisten profitieren.<\/span><img decoding=\"async\" class=\"aligncenter size-full wp-image-3280\" style=\"margin: 50px 50px 90px 50px;\" src=\"http:\/\/www.bazzara.it\/wp-content\/uploads\/2019\/03\/bazzara_espresso.jpg\" alt=\"\" width=\"510\" height=\"501\" srcset=\"https:\/\/www.bazzara.it\/wp-content\/uploads\/2019\/03\/bazzara_espresso.jpg 510w, https:\/\/www.bazzara.it\/wp-content\/uploads\/2019\/03\/bazzara_espresso-300x295.jpg 300w\" sizes=\"(max-width: 510px) 100vw, 510px\" \/><\/p>\n<\/div>\n<p><img decoding=\"async\" class=\"aligncenter size-large wp-image-3449\" src=\"http:\/\/www.bazzara.it\/wp-content\/uploads\/2019\/03\/bazzara_espresso_blend-1024x360.jpg\" alt=\"\" width=\"1024\" height=\"360\" srcset=\"https:\/\/www.bazzara.it\/wp-content\/uploads\/2019\/03\/bazzara_espresso_blend-1024x360.jpg 1024w, https:\/\/www.bazzara.it\/wp-content\/uploads\/2019\/03\/bazzara_espresso_blend-300x105.jpg 300w, https:\/\/www.bazzara.it\/wp-content\/uploads\/2019\/03\/bazzara_espresso_blend-768x270.jpg 768w, https:\/\/www.bazzara.it\/wp-content\/uploads\/2019\/03\/bazzara_espresso_blend-520x183.jpg 520w, https:\/\/www.bazzara.it\/wp-content\/uploads\/2019\/03\/bazzara_espresso_blend.jpg 1920w\" sizes=\"(max-width: 1024px) 100vw, 1024px\" \/><\/p>\n<p><span style=\"font-family: Lato; font-size: 13px; display: block; line-height: 24px; color: #646469;\"><strong>Gustoitaliano:<\/strong> 100% Canephora; kr\u00e4ftig und w\u00fcrzig<br \/>\n<strong>Dolcevivace:<\/strong> 50% Arabica; voller und cremiger Geschmack<br \/>\n<strong>Aromamore:<\/strong> 70% Arabica; fruchtig und intensiv<br \/>\n<strong>Grancappuccino:<\/strong> 80% Arabica; samtig und s\u00fc\u00dflich<br \/>\n<strong>Piacerepuro:<\/strong> 100% Arabica; lieblich und ausgewogen<br \/>\n<strong>Dodicigrancru:<\/strong> die perfekte Harmonie 12 unterschiedlicher Grand Cru, die f\u00fcr ein weltweit einzigartiges Geschmackserlebnis sorgen <\/span><\/p>\n<div class=\"multicol\"><\/div>\n<hr \/>\n<p><span style=\"font-family: Playfair Display; font-size: 21px; color: #002b49; font-weight: bold; line-height: 28px;\"> Bazzara bietet Ihnen nicht nur Kaffeemischungen von h\u00f6chster Qualit\u00e4t, sondern stellt Ihnen auch die Werkzeuge zur Verf\u00fcgung, um die Marke erfolgreich und professionell zu bewerben.<\/span><\/p>\n<div class=\"multicol\"><span style=\"font-family: Lato; font-size: 13px; display: block; line-height: 24px; color: #646469;\">Unsere Kunden sch\u00e4tzen nicht nur unser modernes und ausgezeichnetes Image sondern auch unsere Arbeit als Kommunikationsagentur: wir produzieren dutzende hochwertige Werbefilme pro Jahr, erstellen Werbeseiten sowie erstklassige Fotos f\u00fcr Instagram und Facebook-Kampagnen. Au\u00dferdem bieten wir Ihnen die M\u00f6glichkeit, unsere Materialien in Ihre Sprache zu \u00fcbersetzen, sodass sie unsere Werbemittel bestm\u00f6glich nutzen k\u00f6nnen. Sie brauchen nichts weiter zu tun! Die Arbeit \u00fcbernehmen wir! Nutzen Sie Ihre pers\u00f6nlichen Informationskan\u00e4le, und bewerben Sie ab sofort unsere Produkte. <img loading=\"lazy\" decoding=\"async\" class=\"aligncenter size-large wp-image-3472\" src=\"http:\/\/www.bazzara.it\/wp-content\/uploads\/2019\/03\/bazzara_espresso_social-1-1024x798.jpg\" alt=\"\" width=\"1024\" height=\"798\" srcset=\"https:\/\/www.bazzara.it\/wp-content\/uploads\/2019\/03\/bazzara_espresso_social-1-1024x798.jpg 1024w, https:\/\/www.bazzara.it\/wp-content\/uploads\/2019\/03\/bazzara_espresso_social-1-300x234.jpg 300w, https:\/\/www.bazzara.it\/wp-content\/uploads\/2019\/03\/bazzara_espresso_social-1-768x599.jpg 768w, https:\/\/www.bazzara.it\/wp-content\/uploads\/2019\/03\/bazzara_espresso_social-1-520x405.jpg 520w, https:\/\/www.bazzara.it\/wp-content\/uploads\/2019\/03\/bazzara_espresso_social-1.jpg 1388w\" sizes=\"(max-width: 1024px) 100vw, 1024px\" \/><\/span><\/div>\n<h2><\/h2>\n<hr \/>\n<h2><\/h2>\n<p><span style=\"font-family: Playfair Display; font-size: 21px; color: #002b49; font-weight: bold; line-height: 28px;\"> Bazzara Academy steht f\u00fcr passionierte Experten und anspruchsvolle Schulungen. Tauchen Sie ein in die Welt der Sinne. Werden auch Sie zum Kaffeeexperten und leben Sie mit uns die Kultur des Qualit\u00e4tskaffees.<\/span><\/p>\n<p><img loading=\"lazy\" decoding=\"async\" class=\"aligncenter size-large wp-image-3478\" src=\"http:\/\/www.bazzara.it\/wp-content\/uploads\/2019\/03\/bazzara_academy-1024x545.jpg\" alt=\"\" width=\"1024\" height=\"545\" srcset=\"https:\/\/www.bazzara.it\/wp-content\/uploads\/2019\/03\/bazzara_academy-1024x545.jpg 1024w, https:\/\/www.bazzara.it\/wp-content\/uploads\/2019\/03\/bazzara_academy-768x408.jpg 768w, https:\/\/www.bazzara.it\/wp-content\/uploads\/2019\/03\/bazzara_academy-300x160.jpg 300w, https:\/\/www.bazzara.it\/wp-content\/uploads\/2019\/03\/bazzara_academy-520x277.jpg 520w, https:\/\/www.bazzara.it\/wp-content\/uploads\/2019\/03\/bazzara_academy.jpg 1920w\" sizes=\"(max-width: 1024px) 100vw, 1024px\" \/><\/p>\n<div class=\"multicol\"><span style=\"font-family: Lato; font-size: 13px; display: block; line-height: 24px; color: #646469;\"> 250 Quadratmeter im Herzen von Triest, der Hauptstadt des Kaffees: Unsere Standort verf\u00fcgt \u00fcber ein Verkostungslabor, einen Schulungsraum, einen R\u00f6straum sowie einen Br\u00fchraum mit professionellen Ger\u00e4ten der neuesten Generation bzw. der bekanntesten Marken.<img loading=\"lazy\" decoding=\"async\" class=\"aligncenter size-full wp-image-3491\" src=\"http:\/\/www.bazzara.it\/wp-content\/uploads\/2019\/03\/bazzara_academy_premier_campus.jpg\" alt=\"\" width=\"600\" height=\"150\" srcset=\"https:\/\/www.bazzara.it\/wp-content\/uploads\/2019\/03\/bazzara_academy_premier_campus.jpg 600w, https:\/\/www.bazzara.it\/wp-content\/uploads\/2019\/03\/bazzara_academy_premier_campus-300x75.jpg 300w, https:\/\/www.bazzara.it\/wp-content\/uploads\/2019\/03\/bazzara_academy_premier_campus-520x130.jpg 520w\" sizes=\"(max-width: 600px) 100vw, 600px\" \/><\/span><\/div>\n<hr \/>\n<h2><\/h2>\n<p><span style=\"font-family: Playfair Display; font-size: 21px; color: #002b49; font-weight: bold; line-height: 28px;\"> Die Story des Kaffee<\/span><\/p>\n<p><img loading=\"lazy\" decoding=\"async\" class=\"aligncenter size-large wp-image-3494\" src=\"http:\/\/www.bazzara.it\/wp-content\/uploads\/2019\/03\/bazzara_coffeebooks-1024x544.jpg\" alt=\"\" width=\"1024\" height=\"544\" \/><\/p>\n<div class=\"multicol\"><span style=\"font-family: Lato; font-size: 13px; display: block; line-height: 24px; color: #646469;\"> Mit unseren Buchver\u00f6ffentlichungen sind wir zu einem wichtigen Bezugspunkt in der Welt des Kaffee und der Verlagsbranche geworden. Unsere drei B\u00fccher, die den Themen Kaffee, Espresso und Cappuccino gewidmet sind, werden heute von vielen Akademien in Europa als Basislekt\u00fcre f\u00fcr die professionelle Ausbildung verwendet. Wir wissen also, wovon wir sprechen, wenn wir von der Kaffeekultur schw\u00e4rmen und unsere Produkte spiegeln diese Leidenschaft wider. <img loading=\"lazy\" decoding=\"async\" class=\"aligncenter size-large wp-image-3500\" src=\"http:\/\/www.bazzara.it\/wp-content\/uploads\/2019\/03\/bazzara_coffeebooks_2-1-1024x816.jpg\" alt=\"\" width=\"1024\" height=\"816\" srcset=\"https:\/\/www.bazzara.it\/wp-content\/uploads\/2019\/03\/bazzara_coffeebooks_2-1-1024x816.jpg 1024w, https:\/\/www.bazzara.it\/wp-content\/uploads\/2019\/03\/bazzara_coffeebooks_2-1-300x239.jpg 300w, https:\/\/www.bazzara.it\/wp-content\/uploads\/2019\/03\/bazzara_coffeebooks_2-1-768x612.jpg 768w, https:\/\/www.bazzara.it\/wp-content\/uploads\/2019\/03\/bazzara_coffeebooks_2-1-520x414.jpg 520w, https:\/\/www.bazzara.it\/wp-content\/uploads\/2019\/03\/bazzara_coffeebooks_2-1.jpg 1506w\" sizes=\"(max-width: 1024px) 100vw, 1024px\" \/><\/span><\/div>\n","protected":false},"excerpt":{"rendered":"<p>Verkaufen Sie Kaffee? Oder m\u00f6chten Sie welchen verkaufen? Treten Sie mit uns in Kontakt und profitieren Sie von unserer Expertise aus f\u00fcnf Jahrzenten. Entdecken Sie die Vorteile einer Zusammenarbeit mit unserer Firma, die in Triest angesiedelt ist &#8211; einer Stadt, die seit 300 Jahren im Kaffeebusiness zu Hause ist und seine Kunden mit italienischem Lifestyle und Kaffeegenuss verw\u00f6hnt. Unser Ziel ist es, Sie zu unserem Vertriebspartner zu machen und Ihnen dabei zu helfen, sich von der Konkurrenz abzuheben, indem wir Ihr Angebot diversifizieren. Wir verf\u00fcgen \u00fcber eine Reihe von exklusiven Produkten, die die unterschiedlichsten Bed\u00fcrfnisse ihrer Kunden erreichen. Dar\u00fcber hinaus bieten wir auch Kaffeekapseln an, die sowohl f\u00fcr den Privatgebrauch, als auch f\u00fcr Gourmetrestaurants, Konditoreien, Eisdielen sowie Weinhandlungen geeignet sind. Wir sind ein junges und aufstrebendes Team, das auf die jahrzehntelange Zusammenarbeit mit seinen Vertriebspartnern baut und dauerhafte und langanhaltende Verbindungen sch\u00e4tzt. Au\u00dferdem setzen wir auf die bestm\u00f6gliche Vernetzung unserer Partner, weil davon alle Seiten am meisten profitieren. Gustoitaliano: 100% Canephora; kr\u00e4ftig und w\u00fcrzig Dolcevivace: 50% Arabica; voller und cremiger Geschmack Aromamore: 70% Arabica; fruchtig und intensiv Grancappuccino: 80% Arabica; samtig und s\u00fc\u00dflich Piacerepuro: 100% Arabica; lieblich und ausgewogen Dodicigrancru: die perfekte Harmonie 12 unterschiedlicher Grand Cru, die f\u00fcr ein weltweit einzigartiges Geschmackserlebnis sorgen Bazzara bietet Ihnen nicht nur Kaffeemischungen von h\u00f6chster Qualit\u00e4t, sondern stellt Ihnen auch die Werkzeuge zur Verf\u00fcgung, um die Marke erfolgreich und professionell zu bewerben. Unsere Kunden sch\u00e4tzen nicht nur unser modernes und ausgezeichnetes Image sondern auch unsere Arbeit als Kommunikationsagentur: wir produzieren dutzende hochwertige Werbefilme pro Jahr, erstellen Werbeseiten sowie erstklassige Fotos f\u00fcr Instagram und Facebook-Kampagnen. Au\u00dferdem bieten wir Ihnen die M\u00f6glichkeit, unsere Materialien in Ihre Sprache zu \u00fcbersetzen, sodass sie unsere Werbemittel bestm\u00f6glich nutzen k\u00f6nnen. Sie brauchen nichts weiter zu tun! Die Arbeit \u00fcbernehmen wir! Nutzen Sie Ihre pers\u00f6nlichen Informationskan\u00e4le, und bewerben Sie ab sofort unsere Produkte. Bazzara Academy steht f\u00fcr passionierte Experten und anspruchsvolle Schulungen. Tauchen Sie ein in die Welt der Sinne. Werden auch Sie zum Kaffeeexperten und leben Sie mit uns die Kultur des Qualit\u00e4tskaffees. 250 Quadratmeter im Herzen von Triest, der Hauptstadt des Kaffees: Unsere Standort verf\u00fcgt \u00fcber ein Verkostungslabor, einen Schulungsraum, einen R\u00f6straum sowie einen Br\u00fchraum mit professionellen Ger\u00e4ten der neuesten Generation bzw. der bekanntesten Marken. Die Story des Kaffee Mit unseren Buchver\u00f6ffentlichungen sind wir zu einem wichtigen Bezugspunkt in der Welt des Kaffee und der Verlagsbranche geworden. Unsere drei B\u00fccher, die den Themen Kaffee, Espresso und Cappuccino gewidmet sind, werden heute von vielen Akademien in Europa als Basislekt\u00fcre f\u00fcr die professionelle Ausbildung verwendet. Wir wissen also, wovon wir sprechen, wenn wir von der Kaffeekultur schw\u00e4rmen und unsere Produkte spiegeln diese Leidenschaft wider.<\/p>\n","protected":false},"author":14,"featured_media":0,"parent":0,"menu_order":0,"comment_status":"closed","ping_status":"closed","template":"","meta":{"_acf_changed":false,"inline_featured_image":false,"footnotes":""},"acf":[],"_links":{"self":[{"href":"https:\/\/www.bazzara.it\/en\/wp-json\/wp\/v2\/pages\/3602"}],"collection":[{"href":"https:\/\/www.bazzara.it\/en\/wp-json\/wp\/v2\/pages"}],"about":[{"href":"https:\/\/www.bazzara.it\/en\/wp-json\/wp\/v2\/types\/page"}],"author":[{"embeddable":true,"href":"https:\/\/www.bazzara.it\/en\/wp-json\/wp\/v2\/users\/14"}],"replies":[{"embeddable":true,"href":"https:\/\/www.bazzara.it\/en\/wp-json\/wp\/v2\/comments?post=3602"}],"version-history":[{"count":13,"href":"https:\/\/www.bazzara.it\/en\/wp-json\/wp\/v2\/pages\/3602\/revisions"}],"predecessor-version":[{"id":3616,"href":"https:\/\/www.bazzara.it\/en\/wp-json\/wp\/v2\/pages\/3602\/revisions\/3616"}],"wp:attachment":[{"href":"https:\/\/www.bazzara.it\/en\/wp-json\/wp\/v2\/media?parent=3602"}],"curies":[{"name":"wp","href":"https:\/\/api.w.org\/{rel}","templated":true}]}}